{"id":1186,"date":"2024-12-26T14:36:09","date_gmt":"2024-12-26T13:36:09","guid":{"rendered":"https:\/\/lacolladahotel.com\/spa-et-bien-etre\/"},"modified":"2025-04-23T20:37:05","modified_gmt":"2025-04-23T18:37:05","slug":"spa-et-bien-etre","status":"publish","type":"page","link":"https:\/\/lacolladahotel.com\/fr\/spa-et-bien-etre\/","title":{"rendered":"Spa et bien-\u00eatre"},"content":{"rendered":"","protected":false},"excerpt":{"rendered":"","protected":false},"author":1,"featured_media":0,"parent":0,"menu_order":0,"comment_status":"closed","ping_status":"closed","template":"","meta":{"_acf_changed":false,"_seopress_robots_primary_cat":"","_seopress_titles_title":"Spa et bien-\u00eatre \u00e0 l'h\u00f4tel La Collada | D\u00e9tente et bien-\u00eatre en Cerdagne","_seopress_titles_desc":"Plongez dans le plus grand spa de la Cerdagne avec 2 500 m\u00b2 de bien-\u00eatre et de relaxation \u00e0 l'h\u00f4tel Spa La Collada. Profitez du sauna, du solarium et de soins exclusifs dans une oasis de tranquillit\u00e9 dans les montagnes. R\u00e9servez d\u00e8s aujourd'hui votre exp\u00e9rience de relaxation !  ","_seopress_robots_index":"","footnotes":""},"class_list":["post-1186","page","type-page","status-publish","hentry"],"acf":[],"_links":{"self":[{"href":"https:\/\/lacolladahotel.com\/fr\/wp-json\/wp\/v2\/pages\/1186","targetHints":{"allow":["GET"]}}],"collection":[{"href":"https:\/\/lacolladahotel.com\/fr\/wp-json\/wp\/v2\/pages"}],"about":[{"href":"https:\/\/lacolladahotel.com\/fr\/wp-json\/wp\/v2\/types\/page"}],"author":[{"embeddable":true,"href":"https:\/\/lacolladahotel.com\/fr\/wp-json\/wp\/v2\/users\/1"}],"replies":[{"embeddable":true,"href":"https:\/\/lacolladahotel.com\/fr\/wp-json\/wp\/v2\/comments?post=1186"}],"version-history":[{"count":12,"href":"https:\/\/lacolladahotel.com\/fr\/wp-json\/wp\/v2\/pages\/1186\/revisions"}],"predecessor-version":[{"id":2186,"href":"https:\/\/lacolladahotel.com\/fr\/wp-json\/wp\/v2\/pages\/1186\/revisions\/2186"}],"wp:attachment":[{"href":"https:\/\/lacolladahotel.com\/fr\/wp-json\/wp\/v2\/media?parent=1186"}],"curies":[{"name":"wp","href":"https:\/\/api.w.org\/{rel}","templated":true}]}}