{"id":1182,"date":"2024-12-26T15:01:10","date_gmt":"2024-12-26T14:01:10","guid":{"rendered":"https:\/\/lacolladahotel.com\/gastronomie\/"},"modified":"2026-03-16T13:17:12","modified_gmt":"2026-03-16T12:17:12","slug":"gastronomie","status":"publish","type":"page","link":"https:\/\/lacolladahotel.com\/fr\/gastronomie\/","title":{"rendered":"Gastronomie"},"content":{"rendered":"","protected":false},"excerpt":{"rendered":"","protected":false},"author":1,"featured_media":0,"parent":0,"menu_order":0,"comment_status":"closed","ping_status":"closed","template":"","meta":{"_acf_changed":false,"_seopress_robots_primary_cat":"","_seopress_titles_title":"Gastronomie \u00e0 l'h\u00f4tel La Collada | Saveurs uniques en Cerdagne","_seopress_titles_desc":"Profitez d'une exp\u00e9rience gastronomique unique \u00e0 l'h\u00f4tel Spa La Collada. Des plats pr\u00e9par\u00e9s avec des ingr\u00e9dients frais, des petits-d\u00e9jeuners sous forme de buffet et le charme du bar de montagne El Coll. Faites une r\u00e9servation et savourez la Cerdagne avec les meilleures vues !  ","_seopress_robots_index":"","footnotes":""},"class_list":["post-1182","page","type-page","status-publish","hentry"],"acf":[],"_links":{"self":[{"href":"https:\/\/lacolladahotel.com\/fr\/wp-json\/wp\/v2\/pages\/1182","targetHints":{"allow":["GET"]}}],"collection":[{"href":"https:\/\/lacolladahotel.com\/fr\/wp-json\/wp\/v2\/pages"}],"about":[{"href":"https:\/\/lacolladahotel.com\/fr\/wp-json\/wp\/v2\/types\/page"}],"author":[{"embeddable":true,"href":"https:\/\/lacolladahotel.com\/fr\/wp-json\/wp\/v2\/users\/1"}],"replies":[{"embeddable":true,"href":"https:\/\/lacolladahotel.com\/fr\/wp-json\/wp\/v2\/comments?post=1182"}],"version-history":[{"count":14,"href":"https:\/\/lacolladahotel.com\/fr\/wp-json\/wp\/v2\/pages\/1182\/revisions"}],"predecessor-version":[{"id":2336,"href":"https:\/\/lacolladahotel.com\/fr\/wp-json\/wp\/v2\/pages\/1182\/revisions\/2336"}],"wp:attachment":[{"href":"https:\/\/lacolladahotel.com\/fr\/wp-json\/wp\/v2\/media?parent=1182"}],"curies":[{"name":"wp","href":"https:\/\/api.w.org\/{rel}","templated":true}]}}