{"id":1180,"date":"2024-12-26T15:01:44","date_gmt":"2024-12-26T14:01:44","guid":{"rendered":"https:\/\/lacolladahotel.com\/experiences\/"},"modified":"2025-02-14T15:14:23","modified_gmt":"2025-02-14T14:14:23","slug":"experiences","status":"publish","type":"page","link":"https:\/\/lacolladahotel.com\/fr\/experiences\/","title":{"rendered":"Exp\u00e9riences"},"content":{"rendered":"","protected":false},"excerpt":{"rendered":"","protected":false},"author":1,"featured_media":0,"parent":0,"menu_order":0,"comment_status":"closed","ping_status":"closed","template":"","meta":{"_acf_changed":false,"_seopress_robots_primary_cat":"","_seopress_titles_title":"Exp\u00e9riences \u00e0 l'h\u00f4tel Spa La Collada | Aventure et d\u00e9tente en Cerdagne","_seopress_titles_desc":"Vivez des exp\u00e9riences uniques \u00e0 l'h\u00f4tel Spa La Collada. Profitez du ski, du trekking et des itin\u00e9raires dans les Pyr\u00e9n\u00e9es catalanes, ainsi que des promenades relaxantes et de la nature \u00e0 l'\u00e9tat pur. D\u00e9couvrez le charme de Vall de N\u00faria et du Ski Alp 5000. R\u00e9servez votre aventure d\u00e8s aujourd'hui !   ","_seopress_robots_index":"","footnotes":""},"class_list":["post-1180","page","type-page","status-publish","hentry"],"acf":[],"_links":{"self":[{"href":"https:\/\/lacolladahotel.com\/fr\/wp-json\/wp\/v2\/pages\/1180","targetHints":{"allow":["GET"]}}],"collection":[{"href":"https:\/\/lacolladahotel.com\/fr\/wp-json\/wp\/v2\/pages"}],"about":[{"href":"https:\/\/lacolladahotel.com\/fr\/wp-json\/wp\/v2\/types\/page"}],"author":[{"embeddable":true,"href":"https:\/\/lacolladahotel.com\/fr\/wp-json\/wp\/v2\/users\/1"}],"replies":[{"embeddable":true,"href":"https:\/\/lacolladahotel.com\/fr\/wp-json\/wp\/v2\/comments?post=1180"}],"version-history":[{"count":3,"href":"https:\/\/lacolladahotel.com\/fr\/wp-json\/wp\/v2\/pages\/1180\/revisions"}],"predecessor-version":[{"id":1505,"href":"https:\/\/lacolladahotel.com\/fr\/wp-json\/wp\/v2\/pages\/1180\/revisions\/1505"}],"wp:attachment":[{"href":"https:\/\/lacolladahotel.com\/fr\/wp-json\/wp\/v2\/media?parent=1180"}],"curies":[{"name":"wp","href":"https:\/\/api.w.org\/{rel}","templated":true}]}}