{"id":1176,"date":"2024-12-26T15:01:24","date_gmt":"2024-12-26T14:01:24","guid":{"rendered":"https:\/\/lacolladahotel.com\/services\/"},"modified":"2025-03-12T13:33:13","modified_gmt":"2025-03-12T12:33:13","slug":"services","status":"publish","type":"page","link":"https:\/\/lacolladahotel.com\/fr\/services\/","title":{"rendered":"Services"},"content":{"rendered":"","protected":false},"excerpt":{"rendered":"","protected":false},"author":1,"featured_media":0,"parent":0,"menu_order":0,"comment_status":"closed","ping_status":"closed","template":"","meta":{"_acf_changed":false,"_seopress_robots_primary_cat":"","_seopress_titles_title":"Services de l'h\u00f4tel Spa La Collada | Confort et exclusivit\u00e9 en Cerdagne","_seopress_titles_desc":"D\u00e9couvrez tous les services de l'h\u00f4tel Spa La Collada pour un s\u00e9jour parfait : salle de sport avec vue, transport vers les pistes, parking, service en chambre et casiers \u00e0 skis. Tout ce dont vous avez besoin en pleine nature, r\u00e9servez et profitez de votre s\u00e9jour en toute tranquillit\u00e9 !  ","_seopress_robots_index":"","footnotes":""},"class_list":["post-1176","page","type-page","status-publish","hentry"],"acf":[],"_links":{"self":[{"href":"https:\/\/lacolladahotel.com\/fr\/wp-json\/wp\/v2\/pages\/1176","targetHints":{"allow":["GET"]}}],"collection":[{"href":"https:\/\/lacolladahotel.com\/fr\/wp-json\/wp\/v2\/pages"}],"about":[{"href":"https:\/\/lacolladahotel.com\/fr\/wp-json\/wp\/v2\/types\/page"}],"author":[{"embeddable":true,"href":"https:\/\/lacolladahotel.com\/fr\/wp-json\/wp\/v2\/users\/1"}],"replies":[{"embeddable":true,"href":"https:\/\/lacolladahotel.com\/fr\/wp-json\/wp\/v2\/comments?post=1176"}],"version-history":[{"count":3,"href":"https:\/\/lacolladahotel.com\/fr\/wp-json\/wp\/v2\/pages\/1176\/revisions"}],"predecessor-version":[{"id":1893,"href":"https:\/\/lacolladahotel.com\/fr\/wp-json\/wp\/v2\/pages\/1176\/revisions\/1893"}],"wp:attachment":[{"href":"https:\/\/lacolladahotel.com\/fr\/wp-json\/wp\/v2\/media?parent=1176"}],"curies":[{"name":"wp","href":"https:\/\/api.w.org\/{rel}","templated":true}]}}