{"id":1172,"date":"2024-12-26T15:02:11","date_gmt":"2024-12-26T14:02:11","guid":{"rendered":"https:\/\/lacolladahotel.com\/reunions-et-evenements\/"},"modified":"2025-02-13T14:28:58","modified_gmt":"2025-02-13T13:28:58","slug":"reunions-et-evenements","status":"publish","type":"page","link":"https:\/\/lacolladahotel.com\/fr\/reunions-et-evenements\/","title":{"rendered":"R\u00e9unions et \u00e9v\u00e9nements"},"content":{"rendered":"","protected":false},"excerpt":{"rendered":"","protected":false},"author":1,"featured_media":0,"parent":0,"menu_order":0,"comment_status":"closed","ping_status":"closed","template":"","meta":{"_acf_changed":false,"_seopress_robots_primary_cat":"","_seopress_titles_title":"R\u00e9unions et \u00e9v\u00e9nements \u00e0 l'h\u00f4tel La Collada | Espaces exclusifs en Cerdagne","_seopress_titles_desc":"Organisez des r\u00e9unions et des \u00e9v\u00e9nements \u00e0 l'h\u00f4tel Spa La Collada, un cadre unique en Cerdagne avec des salles polyvalentes, une technologie de pointe et des services personnalis\u00e9s. Id\u00e9al pour les r\u00e9unions d'entreprise, les mariages et les c\u00e9l\u00e9brations, demandez des informations d\u00e8s maintenant !  ","_seopress_robots_index":"","footnotes":""},"class_list":["post-1172","page","type-page","status-publish","hentry"],"acf":[],"_links":{"self":[{"href":"https:\/\/lacolladahotel.com\/fr\/wp-json\/wp\/v2\/pages\/1172","targetHints":{"allow":["GET"]}}],"collection":[{"href":"https:\/\/lacolladahotel.com\/fr\/wp-json\/wp\/v2\/pages"}],"about":[{"href":"https:\/\/lacolladahotel.com\/fr\/wp-json\/wp\/v2\/types\/page"}],"author":[{"embeddable":true,"href":"https:\/\/lacolladahotel.com\/fr\/wp-json\/wp\/v2\/users\/1"}],"replies":[{"embeddable":true,"href":"https:\/\/lacolladahotel.com\/fr\/wp-json\/wp\/v2\/comments?post=1172"}],"version-history":[{"count":2,"href":"https:\/\/lacolladahotel.com\/fr\/wp-json\/wp\/v2\/pages\/1172\/revisions"}],"predecessor-version":[{"id":1426,"href":"https:\/\/lacolladahotel.com\/fr\/wp-json\/wp\/v2\/pages\/1172\/revisions\/1426"}],"wp:attachment":[{"href":"https:\/\/lacolladahotel.com\/fr\/wp-json\/wp\/v2\/media?parent=1172"}],"curies":[{"name":"wp","href":"https:\/\/api.w.org\/{rel}","templated":true}]}}