{"id":1165,"date":"2024-12-26T15:02:23","date_gmt":"2024-12-26T14:02:23","guid":{"rendered":"https:\/\/lacolladahotel.com\/offres\/"},"modified":"2025-02-15T09:43:53","modified_gmt":"2025-02-15T08:43:53","slug":"offres","status":"publish","type":"page","link":"https:\/\/lacolladahotel.com\/fr\/offres\/","title":{"rendered":"Offres"},"content":{"rendered":"","protected":false},"excerpt":{"rendered":"","protected":false},"author":1,"featured_media":0,"parent":0,"menu_order":0,"comment_status":"closed","ping_status":"closed","template":"","meta":{"_acf_changed":false,"_seopress_robots_primary_cat":"","_seopress_titles_title":"Offres dans l'h\u00f4tel Spa La Collada | R\u00e9ductions exclusives dans La Cerdanya","_seopress_titles_desc":"Profitez des meilleures offres de l'h\u00f4tel Spa La Collada en Cerdagne. Des r\u00e9ductions exclusives sur les longs s\u00e9jours, les escapades de derni\u00e8re minute et les voyages en milieu de semaine, r\u00e9servez maintenant et profitez d'une exp\u00e9rience inoubliable dans les Pyr\u00e9n\u00e9es !  ","_seopress_robots_index":"","footnotes":""},"class_list":["post-1165","page","type-page","status-publish","hentry"],"acf":[],"_links":{"self":[{"href":"https:\/\/lacolladahotel.com\/fr\/wp-json\/wp\/v2\/pages\/1165","targetHints":{"allow":["GET"]}}],"collection":[{"href":"https:\/\/lacolladahotel.com\/fr\/wp-json\/wp\/v2\/pages"}],"about":[{"href":"https:\/\/lacolladahotel.com\/fr\/wp-json\/wp\/v2\/types\/page"}],"author":[{"embeddable":true,"href":"https:\/\/lacolladahotel.com\/fr\/wp-json\/wp\/v2\/users\/1"}],"replies":[{"embeddable":true,"href":"https:\/\/lacolladahotel.com\/fr\/wp-json\/wp\/v2\/comments?post=1165"}],"version-history":[{"count":3,"href":"https:\/\/lacolladahotel.com\/fr\/wp-json\/wp\/v2\/pages\/1165\/revisions"}],"predecessor-version":[{"id":1582,"href":"https:\/\/lacolladahotel.com\/fr\/wp-json\/wp\/v2\/pages\/1165\/revisions\/1582"}],"wp:attachment":[{"href":"https:\/\/lacolladahotel.com\/fr\/wp-json\/wp\/v2\/media?parent=1165"}],"curies":[{"name":"wp","href":"https:\/\/api.w.org\/{rel}","templated":true}]}}