{"id":1159,"date":"2025-01-08T21:14:56","date_gmt":"2025-01-08T20:14:56","guid":{"rendered":"https:\/\/lacolladahotel.com\/le-club\/"},"modified":"2025-03-18T14:11:43","modified_gmt":"2025-03-18T13:11:43","slug":"le-club","status":"publish","type":"page","link":"https:\/\/lacolladahotel.com\/fr\/le-club\/","title":{"rendered":"Le Club"},"content":{"rendered":"\n<h2 class=\"wp-block-heading\"><strong>La Collada Hotel Club<\/strong><\/h2>\n\n\n\n<p>Vous souhaitez vivre des exp\u00e9riences uniques \u00e0 l&#8217;<strong>H\u00f4tel &amp; Spa La Collada<\/strong>? Devenez membre du <strong>Club La Collada<\/strong> et acc\u00e9dez \u00e0 des privil\u00e8ges qui transformeront votre s\u00e9jour en une exp\u00e9rience inoubliable. L&#8217;adh\u00e9sion est <strong>gratuite<\/strong>, <strong>rapide<\/strong> et vous ouvre les portes d&#8217;un monde d&#8217;avantages con\u00e7us pour rendre chaque visite encore plus sp\u00e9ciale.  <\/p>\n\n\n\n<p><strong>Qu&#8217;est-ce que le Club La Collada ?<\/strong><\/p>\n\n\n\n<p><strong>Le Club La Collada<\/strong> est le programme de fid\u00e9lit\u00e9 de l&#8217;<strong>H\u00f4tel &amp; Spa La Collada<\/strong>. L&#8217;adh\u00e9sion est totalement gratuite et vous donne acc\u00e8s \u00e0 des avantages exclusifs \u00e0 chaque fois que vous r\u00e9servez sur notre site web. <\/p>\n\n\n\n<p><strong>Quels sont les avantages dont je b\u00e9n\u00e9ficie en tant que membre du club ?<\/strong><\/p>\n\n\n\n<p>En tant que membre du <strong>club La Collada<\/strong>, vous pourrez b\u00e9n\u00e9ficier des avantages suivants :<\/p>\n\n\n\n<p>&#8211; <strong>R\u00e9ductions exclusives<\/strong> sur vos r\u00e9servations.<\/p>\n\n\n\n<p>&#8211; <strong>Promotions sp\u00e9ciales<\/strong> r\u00e9serv\u00e9es aux membres.<\/p>\n\n\n\n<p>&#8211; <strong>Des avantages suppl\u00e9mentaires<\/strong> sur les s\u00e9jours \u00e0 l&#8217;h\u00f4tel, les services et les exp\u00e9riences.<\/p>\n\n\n\n<p>Ces avantages ne s&#8217;appliquent qu&#8217;aux r\u00e9servations effectu\u00e9es sur le site officiel de l&#8217;h\u00f4tel. Vous pouvez consulter tous les d\u00e9tails ici : <a href=\"https:\/\/lacolladahotel.com\/fr\/sinscrire-2\/\">Voir les avantages du club<\/a>.<\/p>\n\n\n\n<p><strong>Qui peut participer ?<\/strong><\/p>\n\n\n\n<p><strong>Le Club La Collada<\/strong> est ouvert \u00e0 toute personne \u00e2g\u00e9e de plus de <strong>18 ans<\/strong> qui souhaite profiter d&#8217;exp\u00e9riences et d&#8217;offres exclusives \u00e0 l&#8217;<strong>h\u00f4tel et au spa La Collada.<\/strong> <\/p>\n\n\n\n<p><strong>Comment devenir membre ?<\/strong><\/p>\n\n\n\n<p>Rien de plus simple ! Il vous suffit de remplir le formulaire d&#8217;inscription en ligne en cliquant ici.   <\/p>\n\n\n\n<p><a href=\"https:\/\/lacolladahotel.com\/fr\/sinscrire-2\/\">Rejoignez le club La Collada<\/a><\/p>\n\n\n\n<p><strong>Comment puis-je me d\u00e9sinscrire ?<\/strong><\/p>\n\n\n\n<p>Si vous souhaitez vous d\u00e9sinscrire du <strong>Club La Collada<\/strong>, vous pouvez le faire \u00e0 tout moment \u00e0 partir de l&#8217;espace utilisateur du club.<\/p>\n\n\n\n<p><strong>Politique de confidentialit\u00e9<\/strong><\/p>\n\n\n\n<p>En vous inscrivant au <strong>Club La Collada<\/strong>, vous acceptez le traitement de vos donn\u00e9es et la r\u00e9ception de communications commerciales et informatives de la part de l&#8217;<strong>H\u00f4tel &amp; Spa La Collada<\/strong>.<\/p>\n\n\n\n<p>Vous avez le droit de :<\/p>\n\n\n\n<p>&#8211; <strong>Acc\u00e9der<\/strong>, <strong>rectifier<\/strong> ou <strong>annuler<\/strong> vos donn\u00e9es.<\/p>\n\n\n\n<p>&#8211; Notifiez tout changement les concernant.<\/p>\n\n\n\n<p>Pour g\u00e9rer vos donn\u00e9es ou demander des pr\u00e9cisions, vous pouvez nous \u00e9crire \u00e0 l&#8217;adresse suivante : <a href=\"mailto:hello@lacolladahotel.com\"><strong>hello@lacolladahotel.com<\/strong><\/a>.<\/p>\n\n\n\n<p><strong>Rejoignez le Club La Collada d\u00e8s aujourd&#8217;hui et d\u00e9couvrez une autre fa\u00e7on de profiter de votre s\u00e9jour !<\/strong><\/p>\n","protected":false},"excerpt":{"rendered":"<p>La Collada Hotel Club Vous souhaitez vivre des exp\u00e9riences uniques \u00e0 l&#8217;H\u00f4tel &amp; Spa La Collada? Devenez membre du Club La Collada et acc\u00e9dez \u00e0 des privil\u00e8ges qui transformeront votre s\u00e9jour en une exp\u00e9rience inoubliable. L&#8217;adh\u00e9sion est gratuite, rapide et vous ouvre les portes d&#8217;un monde d&#8217;avantages con\u00e7us pour rendre chaque visite encore plus sp\u00e9ciale. [&hellip;]<\/p>\n","protected":false},"author":1,"featured_media":0,"parent":0,"menu_order":0,"comment_status":"closed","ping_status":"closed","template":"","meta":{"_acf_changed":false,"_seopress_robots_primary_cat":"","_seopress_titles_title":"","_seopress_titles_desc":"","_seopress_robots_index":"","footnotes":""},"class_list":["post-1159","page","type-page","status-publish","hentry"],"acf":[],"_links":{"self":[{"href":"https:\/\/lacolladahotel.com\/fr\/wp-json\/wp\/v2\/pages\/1159","targetHints":{"allow":["GET"]}}],"collection":[{"href":"https:\/\/lacolladahotel.com\/fr\/wp-json\/wp\/v2\/pages"}],"about":[{"href":"https:\/\/lacolladahotel.com\/fr\/wp-json\/wp\/v2\/types\/page"}],"author":[{"embeddable":true,"href":"https:\/\/lacolladahotel.com\/fr\/wp-json\/wp\/v2\/users\/1"}],"replies":[{"embeddable":true,"href":"https:\/\/lacolladahotel.com\/fr\/wp-json\/wp\/v2\/comments?post=1159"}],"version-history":[{"count":3,"href":"https:\/\/lacolladahotel.com\/fr\/wp-json\/wp\/v2\/pages\/1159\/revisions"}],"predecessor-version":[{"id":1988,"href":"https:\/\/lacolladahotel.com\/fr\/wp-json\/wp\/v2\/pages\/1159\/revisions\/1988"}],"wp:attachment":[{"href":"https:\/\/lacolladahotel.com\/fr\/wp-json\/wp\/v2\/media?parent=1159"}],"curies":[{"name":"wp","href":"https:\/\/api.w.org\/{rel}","templated":true}]}}