{"id":1151,"date":"2024-03-18T13:05:19","date_gmt":"2024-03-18T12:05:19","guid":{"rendered":"https:\/\/lacolladahotel.com\/politique-de-confidentialite\/"},"modified":"2025-02-12T12:19:15","modified_gmt":"2025-02-12T11:19:15","slug":"politique-de-confidentialite","status":"publish","type":"page","link":"https:\/\/lacolladahotel.com\/fr\/politique-de-confidentialite\/","title":{"rendered":"Politique de confidentialit\u00e9"},"content":{"rendered":"\n<h2 class=\"wp-block-heading\">Qui est responsable du traitement de vos donn\u00e9es ?<\/h2>\n\n<p>Entreprise : HOTEL &amp; SPA LA COLLADA SL. <br\/><br\/><br\/><br\/>NIF : B66860974. Adresse postale : CARRETERA NACIONAL 260, KM 155 &#8211; 17537 TOSES- LA MOLINA &#8211; BARCELONA (ESPAGNE). Courriel : hello@lacolladahotel.com. T\u00e9l\u00e9phone : 972892100.<\/p>\n\n<h2 class=\"wp-block-heading\">Quels sont vos droits lorsque vous nous fournissez vos donn\u00e9es ?<\/h2>\n\n<p>Toute personne a le droit d&#8217;obtenir la confirmation que HOTEL &amp; SPA LA COLLADA SL traite ou non des donn\u00e9es \u00e0 caract\u00e8re personnel la concernant.<br\/><br\/>Les personnes int\u00e9ress\u00e9es ont le droit d&#8217;acc\u00e9der \u00e0 leurs donn\u00e9es personnelles, ainsi que de demander la rectification des donn\u00e9es inexactes ou, le cas \u00e9ch\u00e9ant, de demander leur suppression lorsque, entre autres raisons, les donn\u00e9es ne sont plus n\u00e9cessaires aux fins pour lesquelles elles ont \u00e9t\u00e9 collect\u00e9es. Vous avez \u00e9galement le droit \u00e0 la portabilit\u00e9 de vos donn\u00e9es. <br\/><br\/>Dans certaines circonstances, les personnes concern\u00e9es peuvent nous demander de limiter le traitement de leurs donn\u00e9es, auquel cas nous ne conserverons les donn\u00e9es que dans le but d&#8217;exercer ou de d\u00e9fendre des r\u00e9clamations.<br\/><br\/>Dans certaines circonstances et pour des raisons li\u00e9es \u00e0 leur situation particuli\u00e8re, les personnes concern\u00e9es peuvent s&#8217;opposer au traitement de leurs donn\u00e9es. Dans ce cas, HOTEL &amp; SPA LA COLLADA SL cessera de traiter les donn\u00e9es, sauf pour des raisons l\u00e9gitimes imp\u00e9rieuses, ou pour l&#8217;exercice ou la d\u00e9fense d&#8217;\u00e9ventuelles r\u00e9clamations. <br\/><br\/><br\/>Vous pouvez exercer vos droits de la mani\u00e8re suivante : en contactant hello@lacolladahotel.com ou Ctra Nacional 260, km155 17537 Toses &#8211; La Molina. Lorsque des communications commerciales sont envoy\u00e9es en utilisant l&#8217;int\u00e9r\u00eat l\u00e9gitime du responsable du traitement comme base juridique, la personne concern\u00e9e peut s&#8217;opposer au traitement de ses donn\u00e9es \u00e0 cette fin.<br\/><br\/>Le consentement donn\u00e9 s&#8217;applique \u00e0 toutes les finalit\u00e9s indiqu\u00e9es pour lesquelles la base juridique est le consentement de la personne concern\u00e9e. Vous avez le droit de retirer ce consentement \u00e0 tout moment, sans que cela n&#8217;affecte la l\u00e9galit\u00e9 du traitement fond\u00e9 sur le consentement avant son retrait. <br\/><br\/>Si vous estimez que vos droits concernant la protection de vos donn\u00e9es personnelles ont \u00e9t\u00e9 viol\u00e9s, en particulier lorsque vous n&#8217;avez pas obtenu satisfaction dans l&#8217;exercice de vos droits, vous pouvez introduire une plainte aupr\u00e8s de l&#8217;autorit\u00e9 de contr\u00f4le de la protection des donn\u00e9es comp\u00e9tente via son site web : <a href=\"https:\/\/www.aepd.es\/es\">www.aepd.es<\/a>.<\/p>\n\n<p><strong>6.1 Traitement des donn\u00e9es personnelles des clients potentiels et des contacts Internet<\/strong><\/p>\n\n<p><strong>\u00c0 quelles fins traitons-nous vos donn\u00e9es personnelles ?<\/strong><br\/>HOTEL &amp; SPA LA COLLADA SL traite les informations fournies par les personnes int\u00e9ress\u00e9es afin de r\u00e9pondre \u00e0 votre demande et de vous envoyer des communications commerciales et\/ou des bulletins d&#8217;information.<br\/>Si vous ne fournissez pas vos donn\u00e9es personnelles, nous ne serons pas en mesure de remplir les fonctions d\u00e9crites ci-dessus. Aucune d\u00e9cision automatis\u00e9e ne sera prise sur la base des donn\u00e9es fournies. <br\/><br\/><strong>Combien de temps conserverons-nous vos donn\u00e9es ?<\/strong><br\/>Les donn\u00e9es seront conserv\u00e9es aussi longtemps que la personne concern\u00e9e ne demandera pas leur suppression.<\/p>\n\n<p><strong>Quelle est la l\u00e9gitimit\u00e9 du traitement de vos donn\u00e9es ?<\/strong><br\/>Nous indiquons la base juridique du traitement de vos donn\u00e9es :<\/p>\n\n<ul class=\"wp-block-list\">\n<li>Ex\u00e9cution d&#8217;un contrat : gestion des clients potentiels qui ont manifest\u00e9 leur int\u00e9r\u00eat pour nos services.<\/li>\n\n\n\n<li>Consentement de l&#8217;int\u00e9ress\u00e9 : pour l&#8217;envoi de communications commerciales et\/ou de bulletins d&#8217;information, y compris par voie \u00e9lectronique.<\/li>\n\n\n\n<li>Int\u00e9r\u00eat l\u00e9gitime du contr\u00f4leur : gestion des donn\u00e9es de contact professionnel.<\/li>\n<\/ul>\n\n<p><strong>\u00c0 quels destinataires vos donn\u00e9es seront-elles communiqu\u00e9es ?  <\/strong><br\/>Les donn\u00e9es seront communiqu\u00e9es aux destinataires suivants :<\/p>\n\n<ul class=\"wp-block-list\">\n<li>Soci\u00e9t\u00e9s du groupe BOSCH AYMERICH, \u00e0 des fins de gestion interne.<\/li>\n<\/ul>\n\n<p><strong>Transferts de donn\u00e9es vers des pays tiers.  <\/strong><br\/>Il n&#8217;est pas pr\u00e9vu de transf\u00e9rer des donn\u00e9es \u00e0 des pays tiers.<\/p>\n\n<p><strong>6.2 Traitement des donn\u00e9es personnelles des contacts e-mail<\/strong><\/p>\n\n<p><strong>\u00c0 quelles fins traitons-nous vos donn\u00e9es personnelles ?<\/strong><br\/>HOTEL &amp; SPA LA COLLADA SL traite les informations fournies par les personnes int\u00e9ress\u00e9es afin de vous fournir les services que vous avez demand\u00e9s, de r\u00e9pondre \u00e0 vos demandes d&#8217;information et de vous envoyer des communications commerciales.<br\/>Si vous ne fournissez pas vos donn\u00e9es personnelles, nous ne pourrons pas remplir les fonctions d\u00e9crites ci-dessus. Aucune d\u00e9cision automatis\u00e9e ne sera prise sur la base des donn\u00e9es fournies. <br\/><br\/><strong>Combien de temps conserverons-nous vos donn\u00e9es ?<\/strong><br\/>Les donn\u00e9es seront conserv\u00e9es aussi longtemps que la personne concern\u00e9e ne demandera pas leur suppression.<br\/><br\/><strong>Quelle est la l\u00e9gitimit\u00e9 du traitement de vos donn\u00e9es ?<\/strong><br\/>Nous indiquons la base juridique du traitement de vos donn\u00e9es :<\/p>\n\n<ul class=\"wp-block-list\">\n<li>Ex\u00e9cution d&#8217;un contrat : pour traiter votre demande.<\/li>\n\n\n\n<li>Int\u00e9r\u00eat l\u00e9gitime du contr\u00f4leur : envoyer des communications commerciales, y compris par voie \u00e9lectronique.<\/li>\n\n\n\n<li>Consentement de l&#8217;int\u00e9ress\u00e9 : contact et envoi de communications commerciales sur nos services en fonction de l&#8217;int\u00e9r\u00eat manifest\u00e9.<\/li>\n<\/ul>\n\n<p><strong>\u00c0 quels destinataires vos donn\u00e9es seront-elles divulgu\u00e9es ? <\/strong><br\/><br\/><br\/><br\/><br\/><br\/> Aucune donn\u00e9e ne sera divulgu\u00e9e \u00e0 des tiers, sauf obligation l\u00e9gale.<strong>Transferts de<\/strong><strong>donn\u00e9es vers des pays tiers<\/strong> Aucun transfert de donn\u00e9es vers des pays tiers n&#8217;est pr\u00e9vu. 6<strong>.3 Traitement des donn\u00e9es \u00e0 caract\u00e8re personnel des candidats \u00e0 l&#8217;emploi<\/strong><\/p>\n\n<p><strong>\u00c0 quelles fins traitons-nous vos donn\u00e9es personnelles ?<\/strong><br\/>HOTEL &amp; SPA LA COLLADA SL traite les informations fournies par les personnes int\u00e9ress\u00e9es afin de g\u00e9rer les CV re\u00e7us et de mener \u00e0 bien les processus de s\u00e9lection du personnel, les entretiens et autres proc\u00e9dures n\u00e9cessaires \u00e0 la recherche du meilleur candidat possible pour un poste sp\u00e9cifique.<br\/>Si vous ne fournissez pas vos donn\u00e9es personnelles, nous ne serons pas en mesure de remplir les fonctions d\u00e9crites ci-dessus. Aucune d\u00e9cision automatis\u00e9e ne sera prise sur la base des donn\u00e9es fournies. <br\/><br\/><strong>Combien de temps conserverons-nous vos donn\u00e9es ?<\/strong><br\/>Deux ans se sont \u00e9coul\u00e9s depuis la derni\u00e8re interaction.<br\/><br\/><strong>Quelle est la l\u00e9gitimit\u00e9 du traitement de vos donn\u00e9es ?<\/strong><br\/>Nous indiquons la base juridique du traitement de vos donn\u00e9es :<\/p>\n\n<ul class=\"wp-block-list\">\n<li>Consentement de l&#8217;int\u00e9ress\u00e9 : gestion du curriculum vitae soumis par le candidat afin de mener \u00e0 bien les processus de s\u00e9lection du personnel pour la recherche du meilleur candidat possible pour un poste sp\u00e9cifique.<\/li>\n<\/ul>\n\n<p><strong>\u00c0 quels destinataires vos donn\u00e9es seront-elles communiqu\u00e9es ?  <\/strong><br\/>Les donn\u00e9es seront communiqu\u00e9es aux destinataires suivants :<\/p>\n\n<ul class=\"wp-block-list\">\n<li>Soci\u00e9t\u00e9s du groupe BOSCH AYMERICH, \u00e0 des fins de gestion interne.<\/li>\n<\/ul>\n\n<p><br\/><br\/><br\/>T<strong>ransferts de donn\u00e9es vers des pays tiers<\/strong> Aucun transfert de donn\u00e9es vers des pays tiers n&#8217;est pr\u00e9vu. 6<strong>.4 Traitement des donn\u00e9es personnelles des clients contrats et devis<\/strong><\/p>\n\n<p><strong>\u00c0 quelles fins traitons-nous vos donn\u00e9es personnelles ?<\/strong><br\/>HOTEL &amp; SPA LA COLLADA SL traite les informations fournies par les personnes int\u00e9ress\u00e9es afin d&#8217;effectuer la gestion administrative, comptable et fiscale des services demand\u00e9s, ainsi que pour l&#8217;envoi de communications commerciales sur nos services.<br\/>Si vous ne fournissez pas vos donn\u00e9es personnelles, nous ne pourrons pas remplir les fonctions d\u00e9crites ci-dessus. Aucune d\u00e9cision automatis\u00e9e ne sera prise sur la base des donn\u00e9es fournies. <br\/><br\/><strong>Combien de temps conserverons-nous vos donn\u00e9es ?<\/strong><br\/>Les donn\u00e9es sont conserv\u00e9es aussi longtemps que la personne concern\u00e9e ne demande pas leur suppression et, le cas \u00e9ch\u00e9ant, pendant les ann\u00e9es n\u00e9cessaires au respect des obligations l\u00e9gales.<br\/><br\/><strong>Quelle est la l\u00e9gitimit\u00e9 du traitement de vos donn\u00e9es ?<\/strong><br\/>Nous indiquons la base juridique du traitement de vos donn\u00e9es :<\/p>\n\n<ul class=\"wp-block-list\">\n<li>Ex\u00e9cution d&#8217;un contrat : gestion fiscale, comptable et administrative des clients.<\/li>\n\n\n\n<li>Consentement de l&#8217;int\u00e9ress\u00e9 : envoi de communications commerciales concernant nos services et\/ou notre bulletin d&#8217;information.<\/li>\n\n\n\n<li>Int\u00e9r\u00eat l\u00e9gitime du contr\u00f4leur : transf\u00e9rer des donn\u00e9es \u00e0 caract\u00e8re personnel au sein du groupe \u00e0 des fins administratives internes, y compris le traitement des donn\u00e9es \u00e0 caract\u00e8re personnel des clients ou des employ\u00e9s.<\/li>\n<\/ul>\n\n<p><strong>\u00c0 quels destinataires vos donn\u00e9es seront-elles communiqu\u00e9es ?  <\/strong><br\/>Les donn\u00e9es seront communiqu\u00e9es aux destinataires suivants :<\/p>\n\n<ul class=\"wp-block-list\">\n<li>l&#8217;administration fiscale, afin de respecter les obligations l\u00e9gales (obligation l\u00e9gale).<\/li>\n\n\n\n<li>Soci\u00e9t\u00e9s du groupe BOSCH AYMERICH, \u00e0 des fins de gestion interne.<\/li>\n\n\n\n<li>Le cas \u00e9ch\u00e9ant, soci\u00e9t\u00e9 de messagerie ou de transport, dans le but de g\u00e9rer la collecte, le suivi et la livraison des envois (exigence contractuelle).<\/li>\n\n\n\n<li>Les institutions financi\u00e8res, afin d&#8217;\u00e9mettre les re\u00e7us correspondants (exigence contractuelle).<\/li>\n<\/ul>\n\n<p><br\/>T<strong>ransferts de donn\u00e9es vers des<\/strong> pays tiers Aucun transfert de donn\u00e9es vers des pays tiers n&#8217;est pr\u00e9vu.<\/p>\n\n<p><strong> <br\/><br\/><\/strong><br\/>6<strong>.5 Traitement des donn\u00e9es personnelles des participants \u00e0 l&#8217;\u00e9v\u00e9nement<\/strong>D<strong>ans quel but traitons-nous vos donn\u00e9es personnelles ?<\/strong> HOTEL &amp; SPA LA COLLADA SL traite les informations fournies par les parties int\u00e9ress\u00e9es afin de mener \u00e0 bien l&#8217;organisation et la gestion des participants \u00e0 l&#8217;\u00e9v\u00e9nement.<br\/>Si vous ne fournissez pas vos donn\u00e9es personnelles, nous ne pourrons pas remplir les fonctions d\u00e9crites ci-dessus. Aucune d\u00e9cision automatis\u00e9e ne sera prise sur la base des donn\u00e9es fournies. <br\/><br\/><strong>Combien de temps conserverons-nous vos donn\u00e9es ?<\/strong><br\/>Les donn\u00e9es seront conserv\u00e9es aussi longtemps que la personne concern\u00e9e ne demandera pas leur suppression.<br\/><br\/><strong>Quelle est la l\u00e9gitimit\u00e9 du traitement de vos donn\u00e9es ?<\/strong><br\/>Nous indiquons la base juridique du traitement de vos donn\u00e9es :<\/p>\n\n<ul class=\"wp-block-list\">\n<li>Ex\u00e9cution d&#8217;un contrat : pour le traitement des donn\u00e9es collect\u00e9es pour l&#8217;inscription \u00e0 un \u00e9v\u00e9nement.<\/li>\n\n\n\n<li>Consentement de l&#8217;int\u00e9ress\u00e9 : pour l&#8217;envoi de communications commerciales, y compris par voie \u00e9lectronique.<\/li>\n\n\n\n<li>Consentement de la personne concern\u00e9e : Capture d&#8217;images pour publication dans les m\u00e9dias d&#8217;information utilis\u00e9s par l&#8217;entreprise, tels que le site web et\/ou les r\u00e9seaux sociaux.<\/li>\n\n\n\n<li>Int\u00e9r\u00eat l\u00e9gitime du responsable du traitement : transf\u00e9rer des donn\u00e9es \u00e0 caract\u00e8re personnel au sein du groupe.<\/li>\n<\/ul>\n\n<p><strong>\u00c0 quels destinataires vos donn\u00e9es seront-elles communiqu\u00e9es ?<\/strong><br\/>Les donn\u00e9es seront communiqu\u00e9es aux destinataires suivants :<\/p>\n\n<ul class=\"wp-block-list\">\n<li>Soci\u00e9t\u00e9s du groupe BOSCH AYMERICH, \u00e0 des fins de gestion interne.<\/li>\n\n\n\n<li>Tous les m\u00e9dias utilis\u00e9s par l&#8217;entreprise pour la publication de ses activit\u00e9s, dans le but de communiquer des images pour les m\u00e9dias de l&#8217;entreprise.<\/li>\n<\/ul>\n\n<p><br\/>T<strong>ransferts de donn\u00e9es vers des<\/strong> pays tiers Les transferts de donn\u00e9es suivants vers des pays tiers sont envisag\u00e9s :<\/p>\n\n<ul class=\"wp-block-list\">\n<li>Facebook, dans le but de publier des images\/vid\u00e9os. La garantie de ce transfert a \u00e9t\u00e9 \u00e9tablie par le biais de : Clauses types de protection des donn\u00e9es. Vous trouverez de plus amples informations \u00e0 l&#8217;adresse suivante : https:\/\/es-es.facebook.com\/privacy\/.  <\/li>\n\n\n\n<li>Instagram, dans le but de publier des images\/vid\u00e9os. La garantie de ce transfert a \u00e9t\u00e9 \u00e9tablie par : L&#8217;existence d&#8217;une d\u00e9cision d&#8217;ad\u00e9quation de la Commission. De plus amples informations sont disponibles \u00e0 l&#8217;adresse suivante : https:\/\/instagram.com\/about\/legal\/privacy.  <\/li>\n\n\n\n<li>LinkedIn, dans le but de publier des images\/vid\u00e9os. La garantie de ce transfert a \u00e9t\u00e9 \u00e9tablie par le biais de : Clauses standard de protection des donn\u00e9es. Vous trouverez de plus amples informations \u00e0 l&#8217;adresse suivante : https:\/\/www.linkedin.com\/legal\/privacy-policy.  <\/li>\n\n\n\n<li>Twitter, \u00e0 des fins de publication d&#8217;images\/vid\u00e9os. La garantie de ce transfert a \u00e9t\u00e9 \u00e9tablie par le biais de : Clauses standard de protection des donn\u00e9es. Vous trouverez de plus amples informations \u00e0 l&#8217;adresse suivante : https:\/\/twitter.com\/en\/privacy.  <\/li>\n\n\n\n<li>Youtube, dans le but de publier des images\/vid\u00e9os. La garantie de ce transfert a \u00e9t\u00e9 \u00e9tablie par le biais de : Clauses standard de protection des donn\u00e9es. Vous trouverez de plus amples informations \u00e0 l&#8217;adresse suivante : https:\/\/policies.google.com\/privacy?hl=es.  <\/li>\n<\/ul>\n\n<p><strong><br\/><br\/><\/strong><br\/>6<strong>.6 Traitement des donn\u00e9es personnelles de vid\u00e9osurveillance<\/strong>D<strong>ans quel but traitons-nous vos donn\u00e9es personnelles ?<\/strong> HOTEL &amp; SPA LA COLLADA SL traite les informations fournies par les personnes concern\u00e9es afin d&#8217;assurer la s\u00e9curit\u00e9 des personnes, des biens et des installations \u00e0 l&#8217;aide de syst\u00e8mes de vid\u00e9osurveillance.<br\/>Si vous ne fournissez pas vos donn\u00e9es personnelles, nous ne pourrons pas remplir les fonctions d\u00e9crites ci-dessus. Aucune d\u00e9cision automatis\u00e9e ne sera prise sur la base des donn\u00e9es fournies. <br\/><br\/><strong>Combien de temps conserverons-nous vos donn\u00e9es ?<\/strong><br\/>Les donn\u00e9es seront conserv\u00e9es pendant 30 jours au maximum, sauf si elles sont communiqu\u00e9es aux forces de s\u00e9curit\u00e9 et\/ou aux cours et tribunaux.<br\/><br\/><strong>Quelle est la l\u00e9gitimit\u00e9 du traitement de vos donn\u00e9es ?<\/strong><br\/>Nous indiquons la base juridique du traitement de vos donn\u00e9es :<\/p>\n\n<ul class=\"wp-block-list\">\n<li>Mission d&#8217;int\u00e9r\u00eat public : Traitement n\u00e9cessaire \u00e0 l&#8217;ex\u00e9cution d&#8217;une mission d&#8217;int\u00e9r\u00eat public ou relevant de l&#8217;exercice de l&#8217;autorit\u00e9 publique dont est investi le responsable du traitement (RGPD art. 6.1.e), comme indiqu\u00e9 dans le &#8220;Guide sur l&#8217;utilisation des cam\u00e9ras vid\u00e9o \u00e0 des fins de s\u00e9curit\u00e9 et autres&#8221;, publi\u00e9 par l&#8217;Agence espagnole de protection des donn\u00e9es (Agencia Espa\u00f1ola de Protecci\u00f3n de Datos).<\/li>\n<\/ul>\n\n<p><strong>\u00c0 quels destinataires vos donn\u00e9es seront-elles communiqu\u00e9es ?  <\/strong><br\/>Les donn\u00e9es seront communiqu\u00e9es aux destinataires suivants :<\/p>\n\n<ul class=\"wp-block-list\">\n<li>Le cas \u00e9ch\u00e9ant, les forces et organes de s\u00e9curit\u00e9 de l&#8217;\u00c9tat, ainsi que les cours et tribunaux, afin de fournir les images si un crime a \u00e9t\u00e9 commis (obligation l\u00e9gale).<\/li>\n<\/ul>\n\n<p><br\/>T<strong>ransferts de donn\u00e9es vers des<\/strong> pays tiers Aucun transfert de donn\u00e9es vers des pays tiers n&#8217;est pr\u00e9vu.<\/p>\n","protected":false},"excerpt":{"rendered":"<p>Qui est responsable du traitement de vos donn\u00e9es ? Entreprise : HOTEL &amp; SPA LA COLLADA SL. NIF : B66860974. Adresse postale : CARRETERA NACIONAL 260, KM 155 &#8211; 17537 TOSES- LA MOLINA &#8211; BARCELONA (ESPAGNE). Courriel : hello@lacolladahotel.com. T\u00e9l\u00e9phone : 972892100. Quels sont vos droits lorsque vous nous fournissez vos donn\u00e9es ? Toute personne [&hellip;]<\/p>\n","protected":false},"author":1,"featured_media":0,"parent":0,"menu_order":0,"comment_status":"closed","ping_status":"closed","template":"","meta":{"_acf_changed":false,"_seopress_robots_primary_cat":"","_seopress_titles_title":"","_seopress_titles_desc":"","_seopress_robots_index":"","footnotes":""},"class_list":["post-1151","page","type-page","status-publish","hentry"],"acf":[],"_links":{"self":[{"href":"https:\/\/lacolladahotel.com\/fr\/wp-json\/wp\/v2\/pages\/1151","targetHints":{"allow":["GET"]}}],"collection":[{"href":"https:\/\/lacolladahotel.com\/fr\/wp-json\/wp\/v2\/pages"}],"about":[{"href":"https:\/\/lacolladahotel.com\/fr\/wp-json\/wp\/v2\/types\/page"}],"author":[{"embeddable":true,"href":"https:\/\/lacolladahotel.com\/fr\/wp-json\/wp\/v2\/users\/1"}],"replies":[{"embeddable":true,"href":"https:\/\/lacolladahotel.com\/fr\/wp-json\/wp\/v2\/comments?post=1151"}],"version-history":[{"count":1,"href":"https:\/\/lacolladahotel.com\/fr\/wp-json\/wp\/v2\/pages\/1151\/revisions"}],"predecessor-version":[{"id":1152,"href":"https:\/\/lacolladahotel.com\/fr\/wp-json\/wp\/v2\/pages\/1151\/revisions\/1152"}],"wp:attachment":[{"href":"https:\/\/lacolladahotel.com\/fr\/wp-json\/wp\/v2\/media?parent=1151"}],"curies":[{"name":"wp","href":"https:\/\/api.w.org\/{rel}","templated":true}]}}