{"id":1139,"date":"2024-12-26T14:35:10","date_gmt":"2024-12-26T13:35:10","guid":{"rendered":"https:\/\/lacolladahotel.com\/chambres\/"},"modified":"2025-03-05T10:52:05","modified_gmt":"2025-03-05T09:52:05","slug":"chambres","status":"publish","type":"page","link":"https:\/\/lacolladahotel.com\/fr\/chambres\/","title":{"rendered":"Chambres"},"content":{"rendered":"","protected":false},"excerpt":{"rendered":"","protected":false},"author":1,"featured_media":0,"parent":0,"menu_order":0,"comment_status":"closed","ping_status":"closed","template":"","meta":{"_acf_changed":false,"_seopress_robots_primary_cat":"","_seopress_titles_title":"Chambres de l'h\u00f4tel Spa La Collada | Confort et \u00e9l\u00e9gance en Cerdagne","_seopress_titles_desc":"D\u00e9couvrez les chambres exclusives de l'h\u00f4tel Spa La Collada, con\u00e7ues pour offrir un maximum de confort et de tranquillit\u00e9 en Cerdagne. Chambres avec vue, suites de luxe et espaces accueillants au c\u0153ur des montagnes, r\u00e9servez d\u00e8s aujourd'hui votre s\u00e9jour id\u00e9al !  ","_seopress_robots_index":"","footnotes":""},"class_list":["post-1139","page","type-page","status-publish","hentry"],"acf":[],"_links":{"self":[{"href":"https:\/\/lacolladahotel.com\/fr\/wp-json\/wp\/v2\/pages\/1139","targetHints":{"allow":["GET"]}}],"collection":[{"href":"https:\/\/lacolladahotel.com\/fr\/wp-json\/wp\/v2\/pages"}],"about":[{"href":"https:\/\/lacolladahotel.com\/fr\/wp-json\/wp\/v2\/types\/page"}],"author":[{"embeddable":true,"href":"https:\/\/lacolladahotel.com\/fr\/wp-json\/wp\/v2\/users\/1"}],"replies":[{"embeddable":true,"href":"https:\/\/lacolladahotel.com\/fr\/wp-json\/wp\/v2\/comments?post=1139"}],"version-history":[{"count":4,"href":"https:\/\/lacolladahotel.com\/fr\/wp-json\/wp\/v2\/pages\/1139\/revisions"}],"predecessor-version":[{"id":1744,"href":"https:\/\/lacolladahotel.com\/fr\/wp-json\/wp\/v2\/pages\/1139\/revisions\/1744"}],"wp:attachment":[{"href":"https:\/\/lacolladahotel.com\/fr\/wp-json\/wp\/v2\/media?parent=1139"}],"curies":[{"name":"wp","href":"https:\/\/api.w.org\/{rel}","templated":true}]}}