{"id":1138,"date":"2024-03-18T11:56:34","date_gmt":"2024-03-18T10:56:34","guid":{"rendered":"https:\/\/lacolladahotel.com\/accueil\/"},"modified":"2025-04-23T20:31:12","modified_gmt":"2025-04-23T18:31:12","slug":"accueil","status":"publish","type":"page","link":"https:\/\/lacolladahotel.com\/fr\/","title":{"rendered":"Accueil"},"content":{"rendered":"","protected":false},"excerpt":{"rendered":"","protected":false},"author":1,"featured_media":0,"parent":0,"menu_order":0,"comment_status":"closed","ping_status":"closed","template":"","meta":{"_acf_changed":false,"_seopress_robots_primary_cat":"","_seopress_titles_title":"H\u00f4tel Spa La Collada | Luxe et d\u00e9tente dans la vall\u00e9e de la Cerdagne","_seopress_titles_desc":"D\u00e9couvrez l'h\u00f4tel Spa La Collada, une oasis de luxe au c\u0153ur de la Cerdagne. Profitez de nos chambres exclusives, du plus grand spa de la r\u00e9gion et d'une exp\u00e9rience inoubliable en montagne. R\u00e9servez votre s\u00e9jour d\u00e8s maintenant !","_seopress_robots_index":"","footnotes":""},"class_list":["post-1138","page","type-page","status-publish","hentry"],"acf":[],"_links":{"self":[{"href":"https:\/\/lacolladahotel.com\/fr\/wp-json\/wp\/v2\/pages\/1138","targetHints":{"allow":["GET"]}}],"collection":[{"href":"https:\/\/lacolladahotel.com\/fr\/wp-json\/wp\/v2\/pages"}],"about":[{"href":"https:\/\/lacolladahotel.com\/fr\/wp-json\/wp\/v2\/types\/page"}],"author":[{"embeddable":true,"href":"https:\/\/lacolladahotel.com\/fr\/wp-json\/wp\/v2\/users\/1"}],"replies":[{"embeddable":true,"href":"https:\/\/lacolladahotel.com\/fr\/wp-json\/wp\/v2\/comments?post=1138"}],"version-history":[{"count":6,"href":"https:\/\/lacolladahotel.com\/fr\/wp-json\/wp\/v2\/pages\/1138\/revisions"}],"predecessor-version":[{"id":2183,"href":"https:\/\/lacolladahotel.com\/fr\/wp-json\/wp\/v2\/pages\/1138\/revisions\/2183"}],"wp:attachment":[{"href":"https:\/\/lacolladahotel.com\/fr\/wp-json\/wp\/v2\/media?parent=1138"}],"curies":[{"name":"wp","href":"https:\/\/api.w.org\/{rel}","templated":true}]}}