{"id":1136,"date":"2024-03-18T11:57:19","date_gmt":"2024-03-18T10:57:19","guid":{"rendered":"https:\/\/lacolladahotel.com\/contact\/"},"modified":"2025-04-23T20:16:19","modified_gmt":"2025-04-23T18:16:19","slug":"contact","status":"publish","type":"page","link":"https:\/\/lacolladahotel.com\/fr\/contact\/","title":{"rendered":"Contact"},"content":{"rendered":"","protected":false},"excerpt":{"rendered":"","protected":false},"author":1,"featured_media":0,"parent":0,"menu_order":0,"comment_status":"closed","ping_status":"closed","template":"","meta":{"_acf_changed":false,"_seopress_robots_primary_cat":"","_seopress_titles_title":"Contacter l'h\u00f4tel Spa La Collada \u00e0 la Cerdanya","_seopress_titles_desc":"Vous avez des questions ou besoin de plus d'informations ? Contactez l'h\u00f4tel Spa La Collada en Cerdagne. Remplissez le formulaire ou appelez-nous et nous serons heureux de vous aider \u00e0 planifier votre s\u00e9jour parfait dans les montagnes. Nous nous r\u00e9jouissons de votre demande !","_seopress_robots_index":"","footnotes":""},"class_list":["post-1136","page","type-page","status-publish","hentry"],"acf":[],"_links":{"self":[{"href":"https:\/\/lacolladahotel.com\/fr\/wp-json\/wp\/v2\/pages\/1136","targetHints":{"allow":["GET"]}}],"collection":[{"href":"https:\/\/lacolladahotel.com\/fr\/wp-json\/wp\/v2\/pages"}],"about":[{"href":"https:\/\/lacolladahotel.com\/fr\/wp-json\/wp\/v2\/types\/page"}],"author":[{"embeddable":true,"href":"https:\/\/lacolladahotel.com\/fr\/wp-json\/wp\/v2\/users\/1"}],"replies":[{"embeddable":true,"href":"https:\/\/lacolladahotel.com\/fr\/wp-json\/wp\/v2\/comments?post=1136"}],"version-history":[{"count":1,"href":"https:\/\/lacolladahotel.com\/fr\/wp-json\/wp\/v2\/pages\/1136\/revisions"}],"predecessor-version":[{"id":1201,"href":"https:\/\/lacolladahotel.com\/fr\/wp-json\/wp\/v2\/pages\/1136\/revisions\/1201"}],"wp:attachment":[{"href":"https:\/\/lacolladahotel.com\/fr\/wp-json\/wp\/v2\/media?parent=1136"}],"curies":[{"name":"wp","href":"https:\/\/api.w.org\/{rel}","templated":true}]}}