{"id":1096,"date":"2025-02-10T13:27:02","date_gmt":"2025-02-10T12:27:02","guid":{"rendered":"https:\/\/lacolladahotel.com\/qui-sommes-nous\/"},"modified":"2025-02-18T12:34:01","modified_gmt":"2025-02-18T11:34:01","slug":"qui-sommes-nous","status":"publish","type":"page","link":"https:\/\/lacolladahotel.com\/fr\/qui-sommes-nous\/","title":{"rendered":"Qui sommes-nous ?"},"content":{"rendered":"","protected":false},"excerpt":{"rendered":"","protected":false},"author":1,"featured_media":0,"parent":0,"menu_order":0,"comment_status":"closed","ping_status":"closed","template":"","meta":{"_acf_changed":false,"_seopress_robots_primary_cat":"","_seopress_titles_title":"H\u00f4tel & Spa La Collada - Plus qu'une simple destination de d\u00e9tente dans les Pyr\u00e9n\u00e9es","_seopress_titles_desc":"D\u00e9couvrez l'h\u00f4tel & spa La Collada, un refuge dans les Pyr\u00e9n\u00e9es o\u00f9 d\u00e9tente et solidarit\u00e9 vont de pair. Nous appartenons \u00e0 la Fondation Bosch Aymerich, qui affecte les b\u00e9n\u00e9fices \u00e0 des projets sociaux. Apprenez \u00e0 nous conna\u00eetre !","_seopress_robots_index":"","footnotes":""},"class_list":["post-1096","page","type-page","status-publish","hentry"],"acf":[],"_links":{"self":[{"href":"https:\/\/lacolladahotel.com\/fr\/wp-json\/wp\/v2\/pages\/1096","targetHints":{"allow":["GET"]}}],"collection":[{"href":"https:\/\/lacolladahotel.com\/fr\/wp-json\/wp\/v2\/pages"}],"about":[{"href":"https:\/\/lacolladahotel.com\/fr\/wp-json\/wp\/v2\/types\/page"}],"author":[{"embeddable":true,"href":"https:\/\/lacolladahotel.com\/fr\/wp-json\/wp\/v2\/users\/1"}],"replies":[{"embeddable":true,"href":"https:\/\/lacolladahotel.com\/fr\/wp-json\/wp\/v2\/comments?post=1096"}],"version-history":[{"count":3,"href":"https:\/\/lacolladahotel.com\/fr\/wp-json\/wp\/v2\/pages\/1096\/revisions"}],"predecessor-version":[{"id":1614,"href":"https:\/\/lacolladahotel.com\/fr\/wp-json\/wp\/v2\/pages\/1096\/revisions\/1614"}],"wp:attachment":[{"href":"https:\/\/lacolladahotel.com\/fr\/wp-json\/wp\/v2\/media?parent=1096"}],"curies":[{"name":"wp","href":"https:\/\/api.w.org\/{rel}","templated":true}]}}