{"id":1185,"date":"2024-12-26T15:01:10","date_gmt":"2024-12-26T14:01:10","guid":{"rendered":"https:\/\/lacolladahotel.com\/gastronomia\/"},"modified":"2026-03-16T13:15:25","modified_gmt":"2026-03-16T12:15:25","slug":"gastronomia","status":"publish","type":"page","link":"https:\/\/lacolladahotel.com\/ca\/gastronomia\/","title":{"rendered":"Gastronomia"},"content":{"rendered":"","protected":false},"excerpt":{"rendered":"","protected":false},"author":1,"featured_media":0,"parent":0,"menu_order":0,"comment_status":"closed","ping_status":"closed","template":"","meta":{"_acf_changed":false,"_seopress_robots_primary_cat":"","_seopress_titles_title":"Gastronomia a Hotel La Collada | Sabors \u00danics a la Cerdanya","_seopress_titles_desc":"Gaudeix d'una experi\u00e8ncia gastron\u00f2mica inigualable a Hotel Spa La Collada. Plats elaborats amb ingredients frescos, bufets d'esmorzar i l'encant del bar de muntanya El Coll. Reserva i assaboreix la Cerdanya amb les millors vistes!  ","_seopress_robots_index":"","footnotes":""},"class_list":["post-1185","page","type-page","status-publish","hentry"],"acf":[],"_links":{"self":[{"href":"https:\/\/lacolladahotel.com\/ca\/wp-json\/wp\/v2\/pages\/1185","targetHints":{"allow":["GET"]}}],"collection":[{"href":"https:\/\/lacolladahotel.com\/ca\/wp-json\/wp\/v2\/pages"}],"about":[{"href":"https:\/\/lacolladahotel.com\/ca\/wp-json\/wp\/v2\/types\/page"}],"author":[{"embeddable":true,"href":"https:\/\/lacolladahotel.com\/ca\/wp-json\/wp\/v2\/users\/1"}],"replies":[{"embeddable":true,"href":"https:\/\/lacolladahotel.com\/ca\/wp-json\/wp\/v2\/comments?post=1185"}],"version-history":[{"count":15,"href":"https:\/\/lacolladahotel.com\/ca\/wp-json\/wp\/v2\/pages\/1185\/revisions"}],"predecessor-version":[{"id":2334,"href":"https:\/\/lacolladahotel.com\/ca\/wp-json\/wp\/v2\/pages\/1185\/revisions\/2334"}],"wp:attachment":[{"href":"https:\/\/lacolladahotel.com\/ca\/wp-json\/wp\/v2\/media?parent=1185"}],"curies":[{"name":"wp","href":"https:\/\/api.w.org\/{rel}","templated":true}]}}