{"id":1183,"date":"2024-12-26T15:01:44","date_gmt":"2024-12-26T14:01:44","guid":{"rendered":"https:\/\/lacolladahotel.com\/experiencies\/"},"modified":"2025-02-17T12:55:40","modified_gmt":"2025-02-17T11:55:40","slug":"experiencies","status":"publish","type":"page","link":"https:\/\/lacolladahotel.com\/ca\/experiencies\/","title":{"rendered":"Experi\u00e8ncies"},"content":{"rendered":"","protected":false},"excerpt":{"rendered":"","protected":false},"author":1,"featured_media":0,"parent":0,"menu_order":0,"comment_status":"closed","ping_status":"closed","template":"","meta":{"_acf_changed":false,"_seopress_robots_primary_cat":"","_seopress_titles_title":"Experi\u00e8ncies a Hotel Spa La Collada | Aventura i Relax a la Cerdanya","_seopress_titles_desc":"Viu experi\u00e8ncies \u00faniques a l'Hotel Spa La Collada. Gaudeix d\u00b4esqu\u00ed, trekking i rutes pel Pirineu Catal\u00e0, a m\u00e9s de relaxants passeigs i natura en estat pur. Descobreix l'encant de la Vall de N\u00faria i l'Ski Alp 5000. Reserva la teva aventura avui mateix!   ","_seopress_robots_index":"","footnotes":""},"class_list":["post-1183","page","type-page","status-publish","hentry"],"acf":[],"_links":{"self":[{"href":"https:\/\/lacolladahotel.com\/ca\/wp-json\/wp\/v2\/pages\/1183","targetHints":{"allow":["GET"]}}],"collection":[{"href":"https:\/\/lacolladahotel.com\/ca\/wp-json\/wp\/v2\/pages"}],"about":[{"href":"https:\/\/lacolladahotel.com\/ca\/wp-json\/wp\/v2\/types\/page"}],"author":[{"embeddable":true,"href":"https:\/\/lacolladahotel.com\/ca\/wp-json\/wp\/v2\/users\/1"}],"replies":[{"embeddable":true,"href":"https:\/\/lacolladahotel.com\/ca\/wp-json\/wp\/v2\/comments?post=1183"}],"version-history":[{"count":3,"href":"https:\/\/lacolladahotel.com\/ca\/wp-json\/wp\/v2\/pages\/1183\/revisions"}],"predecessor-version":[{"id":1503,"href":"https:\/\/lacolladahotel.com\/ca\/wp-json\/wp\/v2\/pages\/1183\/revisions\/1503"}],"wp:attachment":[{"href":"https:\/\/lacolladahotel.com\/ca\/wp-json\/wp\/v2\/media?parent=1183"}],"curies":[{"name":"wp","href":"https:\/\/api.w.org\/{rel}","templated":true}]}}