{"id":1179,"date":"2024-12-26T15:01:24","date_gmt":"2024-12-26T14:01:24","guid":{"rendered":"https:\/\/lacolladahotel.com\/serveis\/"},"modified":"2025-03-12T13:31:18","modified_gmt":"2025-03-12T12:31:18","slug":"serveis","status":"publish","type":"page","link":"https:\/\/lacolladahotel.com\/ca\/serveis\/","title":{"rendered":"Serveis"},"content":{"rendered":"","protected":false},"excerpt":{"rendered":"","protected":false},"author":1,"featured_media":0,"parent":0,"menu_order":0,"comment_status":"closed","ping_status":"closed","template":"","meta":{"_acf_changed":false,"_seopress_robots_primary_cat":"","_seopress_titles_title":"Serveis a Hotel Spa La Collada | Comoditat i Exclusivitat a la Cerdanya","_seopress_titles_desc":"Descobreix tots els serveis de l'Hotel Spa La Collada per a una estada perfecta: gimn\u00e0s amb vistes, transport a pistes, p\u00e0rquing, room service i guarda esqu\u00eds. Tot all\u00f2 que necessites en plena naturalesa. Reserva i gaudeix sense preocupacions!  ","_seopress_robots_index":"","footnotes":""},"class_list":["post-1179","page","type-page","status-publish","hentry"],"acf":[],"_links":{"self":[{"href":"https:\/\/lacolladahotel.com\/ca\/wp-json\/wp\/v2\/pages\/1179","targetHints":{"allow":["GET"]}}],"collection":[{"href":"https:\/\/lacolladahotel.com\/ca\/wp-json\/wp\/v2\/pages"}],"about":[{"href":"https:\/\/lacolladahotel.com\/ca\/wp-json\/wp\/v2\/types\/page"}],"author":[{"embeddable":true,"href":"https:\/\/lacolladahotel.com\/ca\/wp-json\/wp\/v2\/users\/1"}],"replies":[{"embeddable":true,"href":"https:\/\/lacolladahotel.com\/ca\/wp-json\/wp\/v2\/comments?post=1179"}],"version-history":[{"count":3,"href":"https:\/\/lacolladahotel.com\/ca\/wp-json\/wp\/v2\/pages\/1179\/revisions"}],"predecessor-version":[{"id":1889,"href":"https:\/\/lacolladahotel.com\/ca\/wp-json\/wp\/v2\/pages\/1179\/revisions\/1889"}],"wp:attachment":[{"href":"https:\/\/lacolladahotel.com\/ca\/wp-json\/wp\/v2\/media?parent=1179"}],"curies":[{"name":"wp","href":"https:\/\/api.w.org\/{rel}","templated":true}]}}