{"id":1178,"date":"2024-12-26T15:02:11","date_gmt":"2024-12-26T14:02:11","guid":{"rendered":"https:\/\/lacolladahotel.com\/meetings-esdeveniments\/"},"modified":"2025-02-13T14:24:49","modified_gmt":"2025-02-13T13:24:49","slug":"meetings-esdeveniments","status":"publish","type":"page","link":"https:\/\/lacolladahotel.com\/ca\/meetings-esdeveniments\/","title":{"rendered":"Meetings &amp; Esdeveniments"},"content":{"rendered":"","protected":false},"excerpt":{"rendered":"","protected":false},"author":1,"featured_media":0,"parent":0,"menu_order":0,"comment_status":"closed","ping_status":"closed","template":"","meta":{"_acf_changed":false,"_seopress_robots_primary_cat":"","_seopress_titles_title":"Meetings i esdeveniments a Hotel La Collada | Espais Exclusius a la Cerdanya","_seopress_titles_desc":"Celebra reunions i esdeveniments a l'Hotel Spa La Collada, un entorn \u00fanic a la Cerdanya amb sales vers\u00e0tils, tecnologia d'\u00faltima generaci\u00f3 i serveis personalitzats. Ideal per a reunions corporatives, casaments i celebracions. Demana informaci\u00f3 ara!  ","_seopress_robots_index":"","footnotes":""},"class_list":["post-1178","page","type-page","status-publish","hentry"],"acf":[],"_links":{"self":[{"href":"https:\/\/lacolladahotel.com\/ca\/wp-json\/wp\/v2\/pages\/1178","targetHints":{"allow":["GET"]}}],"collection":[{"href":"https:\/\/lacolladahotel.com\/ca\/wp-json\/wp\/v2\/pages"}],"about":[{"href":"https:\/\/lacolladahotel.com\/ca\/wp-json\/wp\/v2\/types\/page"}],"author":[{"embeddable":true,"href":"https:\/\/lacolladahotel.com\/ca\/wp-json\/wp\/v2\/users\/1"}],"replies":[{"embeddable":true,"href":"https:\/\/lacolladahotel.com\/ca\/wp-json\/wp\/v2\/comments?post=1178"}],"version-history":[{"count":2,"href":"https:\/\/lacolladahotel.com\/ca\/wp-json\/wp\/v2\/pages\/1178\/revisions"}],"predecessor-version":[{"id":1411,"href":"https:\/\/lacolladahotel.com\/ca\/wp-json\/wp\/v2\/pages\/1178\/revisions\/1411"}],"wp:attachment":[{"href":"https:\/\/lacolladahotel.com\/ca\/wp-json\/wp\/v2\/media?parent=1178"}],"curies":[{"name":"wp","href":"https:\/\/api.w.org\/{rel}","templated":true}]}}