{"id":1166,"date":"2025-01-08T21:14:56","date_gmt":"2025-01-08T20:14:56","guid":{"rendered":"https:\/\/lacolladahotel.com\/el-club\/"},"modified":"2025-03-18T14:05:00","modified_gmt":"2025-03-18T13:05:00","slug":"el-club","status":"publish","type":"page","link":"https:\/\/lacolladahotel.com\/ca\/el-club\/","title":{"rendered":"El Club"},"content":{"rendered":"\n<h2 class=\"wp-block-heading\"><strong>El Club de l&#8217;Hotel La Collada<\/strong><\/h2>\n\n\n\n<p>Vols viure experi\u00e8ncies \u00faniques a <strong>Hotel &amp; Spa La Collada<\/strong> ? Fes-te membre del <strong>Club La Collada<\/strong> i accedeix a privilegis que transformaran la teva estada en una experi\u00e8ncia inoblidable. Unirte \u00e9s <strong>gratis<\/strong> , <strong>r\u00e0pid<\/strong> i t&#8217;obre les portes a un m\u00f3n de beneficis pensats perqu\u00e8 cada visita sigui encara m\u00e9s especial.  <\/p>\n\n\n\n<p><strong>Qu\u00e8 \u00e9s el Club La Collada?<\/strong><\/p>\n\n\n\n<p>El <strong>Club La Collada<\/strong> \u00e9s el programa de fidelitzaci\u00f3 de l&#8217; <strong>Hotel &amp; Spa La Collada<\/strong> . Ser membre \u00e9s totalment gratu\u00eft i et permet accedir a beneficis i avantatges exclusius cada cop que reservis a la nostra web. <\/p>\n\n\n\n<p><strong>Quins avantatges tinc com a membre del club?<\/strong><\/p>\n\n\n\n<p>En formar part del <strong>Club La Collada<\/strong> , podr\u00e0s gaudir de:<\/p>\n\n\n\n<p>\u2022 <strong>Descomptes exclusius<\/strong> a les teves reserves.<\/p>\n\n\n\n<p>\u2022 <strong>Promocions especials<\/strong> nom\u00e9s per a membres.<\/p>\n\n\n\n<p>\u2022 <strong>Beneficis addicionals<\/strong> en estades, serveis i experi\u00e8ncies de l&#8217;hotel.<\/p>\n\n\n\n<p>Aquests beneficis nom\u00e9s s&#8217;apliquen a les reserves realitzades al web oficial de l&#8217;hotel. Pots consultar tots els detalls aqu\u00ed: <a href=\"https:\/\/lacolladahotel.com\/ca\/sign-up\/?idtokenprovider=39791987&#038;lang=ca\">Veure beneficis del club<\/a> .<\/p>\n\n\n\n<p><strong>Qui en pot formar part?<\/strong><\/p>\n\n\n\n<p>El <strong>Club La Collada<\/strong> \u00e9s obert a qualsevol persona major de <strong>18 anys<\/strong> que vulgui gaudir d&#8217; experi\u00e8ncies i ofertes exclusives al&#8217; <strong>Hotel &amp; Spa La Collada<\/strong> .  <\/p>\n\n\n\n<p><strong>Com em puc fer membre?<\/strong><\/p>\n\n\n\n<p>\u00c9s molt senzill! Nom\u00e9s has de completar el formulari de registre online fent clic aqu\u00ed.   <\/p>\n\n\n\n<p><a href=\"https:\/\/lacolladahotel.com\/ca\/sign-up\/?idtokenprovider=39791987&#038;lang=ca\">Unir-me al Club La Collada<\/a><\/p>\n\n\n\n<p><strong>Com em puc donar de baixa?<\/strong><\/p>\n\n\n\n<p>Si vols donar-te de baixa del <strong>Club La Collada<\/strong> , ho podr\u00e0s fer en qualsevol moment des de l&#8217;\u00e0rea d&#8217;usuari del club.<\/p>\n\n\n\n<p><strong>Pol\u00edtica de privadesa<\/strong><\/p>\n\n\n\n<p>En registrar-te al <strong>Club La Collada<\/strong> , acceptes el tractament de les teves dades i la recepci\u00f3 de comunicacions comercials i informatives per part de l&#8217; <strong>Hotel &amp; Spa La Collada<\/strong> .<\/p>\n\n\n\n<p>Tens dret a:<\/p>\n\n\n\n<p>\u2022 <strong>Accedir<\/strong> , <strong>rectificar<\/strong> o <strong>cancel\u00b7lar<\/strong> les dades.<\/p>\n\n\n\n<p>\u2022 Notificar qualsevol modificaci\u00f3.<\/p>\n\n\n\n<p>Per gestionar les teves dades o sol\u00b7licitar qualsevol aclariment, ens pots escriure a: <a href=\"mailto:hello@lacolladahotel.com\"><strong>hello@lacolladahotel.com<\/strong><\/a> .<\/p>\n\n\n\n<p><strong>Uneix-te avui al Club La Collada i descobreix una manera diferent de gaudir de les teves estades!<\/strong><\/p>\n","protected":false},"excerpt":{"rendered":"<p>El Club de l&#8217;Hotel La Collada Vols viure experi\u00e8ncies \u00faniques a Hotel &amp; Spa La Collada ? Fes-te membre del Club La Collada i accedeix a privilegis que transformaran la teva estada en una experi\u00e8ncia inoblidable. Unirte \u00e9s gratis , r\u00e0pid i t&#8217;obre les portes a un m\u00f3n de beneficis pensats perqu\u00e8 cada visita sigui [&hellip;]<\/p>\n","protected":false},"author":1,"featured_media":0,"parent":0,"menu_order":0,"comment_status":"closed","ping_status":"closed","template":"","meta":{"_acf_changed":false,"_seopress_robots_primary_cat":"","_seopress_titles_title":"","_seopress_titles_desc":"","_seopress_robots_index":"","footnotes":""},"class_list":["post-1166","page","type-page","status-publish","hentry"],"acf":[],"_links":{"self":[{"href":"https:\/\/lacolladahotel.com\/ca\/wp-json\/wp\/v2\/pages\/1166","targetHints":{"allow":["GET"]}}],"collection":[{"href":"https:\/\/lacolladahotel.com\/ca\/wp-json\/wp\/v2\/pages"}],"about":[{"href":"https:\/\/lacolladahotel.com\/ca\/wp-json\/wp\/v2\/types\/page"}],"author":[{"embeddable":true,"href":"https:\/\/lacolladahotel.com\/ca\/wp-json\/wp\/v2\/users\/1"}],"replies":[{"embeddable":true,"href":"https:\/\/lacolladahotel.com\/ca\/wp-json\/wp\/v2\/comments?post=1166"}],"version-history":[{"count":4,"href":"https:\/\/lacolladahotel.com\/ca\/wp-json\/wp\/v2\/pages\/1166\/revisions"}],"predecessor-version":[{"id":1983,"href":"https:\/\/lacolladahotel.com\/ca\/wp-json\/wp\/v2\/pages\/1166\/revisions\/1983"}],"wp:attachment":[{"href":"https:\/\/lacolladahotel.com\/ca\/wp-json\/wp\/v2\/media?parent=1166"}],"curies":[{"name":"wp","href":"https:\/\/api.w.org\/{rel}","templated":true}]}}